{"id":65,"date":"2025-04-14T18:51:45","date_gmt":"2025-04-14T16:51:45","guid":{"rendered":"https:\/\/sumerod.fr\/?page_id=65"},"modified":"2025-05-07T20:49:34","modified_gmt":"2025-05-07T18:49:34","slug":"conditions-generales-de-vente","status":"publish","type":"page","link":"https:\/\/sumerod.fr\/?page_id=65","title":{"rendered":"Conditions g\u00e9n\u00e9rales de vente"},"content":{"rendered":"\n<p class=\"has-text-align-center wp-block-paragraph\" style=\"margin-top:0;margin-right:0px;margin-bottom:0;margin-left:0px;padding-top:23px;padding-right:0px;padding-bottom:23px;padding-left:0px;font-size:clamp(26.944px, 1.684rem + ((1vw - 3.2px) * 2.165), 46px);\">Conditions <strong>g\u00e9n\u00e9rales de vente<\/strong><\/p>\n\n\n\n<div class=\"wp-block-columns alignfull are-vertically-aligned-top has-background is-layout-flex wp-container-core-columns-is-layout-c4d48b9f wp-block-columns-is-layout-flex\" style=\"background:linear-gradient(291deg,rgb(93,224,230) 1%,rgb(0,74,173) 99%);margin-top:0.7rem;margin-bottom:0.7rem;padding-top:1.9rem;padding-right:3.1rem;padding-bottom:1.9rem;padding-left:3.1rem\">\n<div class=\"wp-block-column is-vertically-aligned-top has-background has-medium-font-size is-layout-flow wp-container-core-column-is-layout-0ab6b8fb wp-block-column-is-layout-flow\" style=\"border-radius:25px;background-color:#ffffff;padding-top:var(--wp--preset--spacing--50);padding-right:var(--wp--preset--spacing--50);padding-bottom:var(--wp--preset--spacing--50);padding-left:var(--wp--preset--spacing--50)\">\n<p class=\"wp-block-paragraph\" style=\"margin-top:0;margin-right:0;margin-bottom:2.75rem;margin-left:0\"><strong>1. \u00c9tendue de la prestation<br><\/strong>La prestation de mise en \u0153uvre comprend exclusivement les \u00e9l\u00e9ments explicitement list\u00e9s dans le descriptif de la commande. De mani\u00e8re corollaire, tout ce qui n\u2019est pas mentionn\u00e9 dans ce descriptif est exclu de la prestation.<br><br><strong>2. Modalit\u00e9s de paiement<br><\/strong>Sauf accord pr\u00e9alable entre les parties et mention explicite sur la facture, le paiement s\u2019effectue au plus tard dans un d\u00e9lai de 30 jours \u00e0 compter de la date de facturation (C. Com. art. L.441-6). <br>Tout retard de paiement entra\u00eenera l\u2019application de p\u00e9nalit\u00e9s de retard au taux de 10 % du montant total de la facture par mois de retard, exigibles sans rappel pr\u00e9alable (article 53 de la loi NRE).<br>Les paiements peuvent \u00eatre effectu\u00e9s par virement bancaire ou par ch\u00e8que \u00e0 l\u2019ordre de <strong><strong>Alexandre DOREMUS<\/strong><\/strong>.<br>Aucun escompte ne sera accord\u00e9 en cas de paiement anticip\u00e9.<br><br><strong>3. Propri\u00e9t\u00e9 intellectuelle<br><\/strong>Conform\u00e9ment au Code de la Propri\u00e9t\u00e9 Intellectuelle (articles L.121-1 \u00e0 L.121-9), seuls les droits patrimoniaux explicitement mentionn\u00e9s dans les conditions de cession sont transf\u00e9r\u00e9s au client, et ce dans les limites d\u00e9finies dans ces conditions. Le droit moral de l\u2019auteur, incluant notamment le droit au respect de l\u2019\u0153uvre et du nom, reste attach\u00e9 \u00e0 l\u2019auteur de mani\u00e8re perp\u00e9tuelle et imprescriptible.<br>Toute reproduction, adaptation, traduction, transformation, ou arrangement de l\u2019\u0153uvre sans consentement explicite de l\u2019auteur est interdite et constitue une contrefa\u00e7on, punie par les lois en vigueur (article L.122-4 du CPI).<\/p>\n<\/div>\n\n\n\n<div class=\"wp-block-column is-vertically-aligned-top has-background has-medium-font-size is-layout-flow wp-container-core-column-is-layout-0ab6b8fb wp-block-column-is-layout-flow\" style=\"border-radius:25px;background-color:#ffffff;padding-top:var(--wp--preset--spacing--50);padding-right:var(--wp--preset--spacing--50);padding-bottom:var(--wp--preset--spacing--50);padding-left:var(--wp--preset--spacing--50)\">\n<p class=\"wp-block-paragraph\" style=\"margin-top:0;margin-right:0;margin-bottom:2.75rem;margin-left:0\"><strong>4. Propri\u00e9t\u00e9 de la production<br><\/strong>La totalit\u00e9 de la production, ainsi que les droits associ\u00e9s, demeurent la propri\u00e9t\u00e9 exclusive de <strong><strong>Alexandre DOREMUS<\/strong><\/strong> tant que les factures correspondantes n\u2019ont pas \u00e9t\u00e9 int\u00e9gralement r\u00e9gl\u00e9es. Une fois le paiement int\u00e9gral effectu\u00e9, les droits c\u00e9d\u00e9s deviennent la propri\u00e9t\u00e9 effective du client.<br><br><strong>5. Livraison des sources et fichiers de travail<br><\/strong>La remise des fichiers sources ou des fichiers de travail est conditionn\u00e9e par leur stricte n\u00e9cessit\u00e9 dans le cadre de l\u2019exploitation de l\u2019\u0153uvre, telle que d\u00e9finie dans les conditions de cession ou un avenant ult\u00e9rieur.<br><br><strong>6. Droit de publicit\u00e9<br>Alexandre DOREMUS <\/strong>se r\u00e9serve le droit de mentionner les travaux r\u00e9alis\u00e9s pour le client comme r\u00e9f\u00e9rences, et d\u2019en utiliser des extraits textuels ou iconographiques \u00e0 des fins de communication commerciale ou promotionnelle. Toute restriction \u00e0 ce droit doit \u00eatre explicitement n\u00e9goci\u00e9e avant la signature du devis et mentionn\u00e9e sur la facture.<br><br><strong>7. Responsabilit\u00e9s du client<br><\/strong>Le client est enti\u00e8rement responsable des choix r\u00e9alis\u00e9s concernant les contenus textuels et iconographiques inclus dans les livrables. Il est \u00e9galement responsable de l\u2019exploitation de ces contenus et de leur conformit\u00e9 avec les lois et r\u00e8glements en vigueur. Le client garantit qu\u2019il d\u00e9tient tous les droits n\u00e9cessaires pour l\u2019utilisation des \u00e9l\u00e9ments textuels ou visuels fournis \u00e0 <strong><strong>Alexandre DOREMUS<\/strong><\/strong> et d\u00e9gage <strong><strong>Alexandre DOREMUS<\/strong><\/strong> de toute responsabilit\u00e9 en cas de r\u00e9clamation li\u00e9e \u00e0 leur utilisation.<\/p>\n<\/div>\n<\/div>\n","protected":false},"excerpt":{"rendered":"<p>Conditions g\u00e9n\u00e9rales de vente 1. \u00c9tendue de la prestationLa prestation de mise en \u0153uvre comprend exclusivement les \u00e9l\u00e9ments explicitement list\u00e9s dans le descriptif de la commande. De mani\u00e8re corollaire, tout ce qui n\u2019est pas mentionn\u00e9 dans ce descriptif est exclu de la prestation. 2. Modalit\u00e9s de paiementSauf accord pr\u00e9alable entre les parties et mention explicite [&hellip;]<\/p>\n","protected":false},"author":1,"featured_media":0,"parent":0,"menu_order":0,"comment_status":"closed","ping_status":"closed","template":"","meta":{"_crdt_document":"","footnotes":""},"class_list":["post-65","page","type-page","status-publish","hentry"],"yoast_head":"<!-- This site is optimized with the Yoast SEO plugin v27.3 - https:\/\/yoast.com\/product\/yoast-seo-wordpress\/ -->\n<title>Conditions g\u00e9n\u00e9rales de vente - SUMEROD - Alexandre DOREMUS<\/title>\n<meta name=\"robots\" content=\"index, follow, max-snippet:-1, max-image-preview:large, max-video-preview:-1\" \/>\n<link rel=\"canonical\" href=\"https:\/\/sumerod.fr\/?page_id=65\" \/>\n<meta property=\"og:locale\" content=\"fr_FR\" \/>\n<meta property=\"og:type\" content=\"article\" \/>\n<meta property=\"og:title\" content=\"Conditions g\u00e9n\u00e9rales de vente - SUMEROD - Alexandre DOREMUS\" \/>\n<meta property=\"og:description\" content=\"Conditions g\u00e9n\u00e9rales de vente 1. \u00c9tendue de la prestationLa prestation de mise en \u0153uvre comprend exclusivement les \u00e9l\u00e9ments explicitement list\u00e9s dans le descriptif de la commande. De mani\u00e8re corollaire, tout ce qui n\u2019est pas mentionn\u00e9 dans ce descriptif est exclu de la prestation. 2. Modalit\u00e9s de paiementSauf accord pr\u00e9alable entre les parties et mention explicite [&hellip;]\" \/>\n<meta property=\"og:url\" content=\"https:\/\/sumerod.fr\/?page_id=65\" \/>\n<meta property=\"og:site_name\" content=\"SUMEROD - Alexandre DOREMUS\" \/>\n<meta property=\"article:modified_time\" content=\"2025-05-07T18:49:34+00:00\" \/>\n<meta name=\"twitter:card\" content=\"summary_large_image\" \/>\n<meta name=\"twitter:label1\" content=\"Dur\u00e9e de lecture estim\u00e9e\" \/>\n\t<meta name=\"twitter:data1\" content=\"3 minutes\" \/>\n<script type=\"application\/ld+json\" class=\"yoast-schema-graph\">{\"@context\":\"https:\\\/\\\/schema.org\",\"@graph\":[{\"@type\":\"WebPage\",\"@id\":\"https:\\\/\\\/sumerod.fr\\\/?page_id=65\",\"url\":\"https:\\\/\\\/sumerod.fr\\\/?page_id=65\",\"name\":\"Conditions g\u00e9n\u00e9rales de vente - SUMEROD - Alexandre DOREMUS\",\"isPartOf\":{\"@id\":\"https:\\\/\\\/sumerod.fr\\\/#website\"},\"datePublished\":\"2025-04-14T16:51:45+00:00\",\"dateModified\":\"2025-05-07T18:49:34+00:00\",\"breadcrumb\":{\"@id\":\"https:\\\/\\\/sumerod.fr\\\/?page_id=65#breadcrumb\"},\"inLanguage\":\"fr-FR\",\"potentialAction\":[{\"@type\":\"ReadAction\",\"target\":[\"https:\\\/\\\/sumerod.fr\\\/?page_id=65\"]}]},{\"@type\":\"BreadcrumbList\",\"@id\":\"https:\\\/\\\/sumerod.fr\\\/?page_id=65#breadcrumb\",\"itemListElement\":[{\"@type\":\"ListItem\",\"position\":1,\"name\":\"Accueil\",\"item\":\"https:\\\/\\\/sumerod.fr\\\/\"},{\"@type\":\"ListItem\",\"position\":2,\"name\":\"Conditions g\u00e9n\u00e9rales de vente\"}]},{\"@type\":\"WebSite\",\"@id\":\"https:\\\/\\\/sumerod.fr\\\/#website\",\"url\":\"https:\\\/\\\/sumerod.fr\\\/\",\"name\":\"SUMEROD\",\"description\":\"Communication claire, impact durable\",\"publisher\":{\"@id\":\"https:\\\/\\\/sumerod.fr\\\/#organization\"},\"potentialAction\":[{\"@type\":\"SearchAction\",\"target\":{\"@type\":\"EntryPoint\",\"urlTemplate\":\"https:\\\/\\\/sumerod.fr\\\/?s={search_term_string}\"},\"query-input\":{\"@type\":\"PropertyValueSpecification\",\"valueRequired\":true,\"valueName\":\"search_term_string\"}}],\"inLanguage\":\"fr-FR\"},{\"@type\":\"Organization\",\"@id\":\"https:\\\/\\\/sumerod.fr\\\/#organization\",\"name\":\"SUMEROD\",\"url\":\"https:\\\/\\\/sumerod.fr\\\/\",\"logo\":{\"@type\":\"ImageObject\",\"inLanguage\":\"fr-FR\",\"@id\":\"https:\\\/\\\/sumerod.fr\\\/#\\\/schema\\\/logo\\\/image\\\/\",\"url\":\"https:\\\/\\\/sumerod.fr\\\/wp-content\\\/uploads\\\/2025\\\/04\\\/SUMEROD-LOGO-V002-scaled.png\",\"contentUrl\":\"https:\\\/\\\/sumerod.fr\\\/wp-content\\\/uploads\\\/2025\\\/04\\\/SUMEROD-LOGO-V002-scaled.png\",\"width\":2560,\"height\":571,\"caption\":\"SUMEROD\"},\"image\":{\"@id\":\"https:\\\/\\\/sumerod.fr\\\/#\\\/schema\\\/logo\\\/image\\\/\"},\"sameAs\":[\"https:\\\/\\\/www.linkedin.com\\\/in\\\/alexandre-doremus-06b118212\\\/\",\"https:\\\/\\\/www.instagram.com\\\/sumerod_troyes\\\/\",\"https:\\\/\\\/www.youtube.com\\\/@KartelLeGroupe\"]}]}<\/script>\n<!-- \/ Yoast SEO plugin. -->","yoast_head_json":{"title":"Conditions g\u00e9n\u00e9rales de vente - SUMEROD - Alexandre DOREMUS","robots":{"index":"index","follow":"follow","max-snippet":"max-snippet:-1","max-image-preview":"max-image-preview:large","max-video-preview":"max-video-preview:-1"},"canonical":"https:\/\/sumerod.fr\/?page_id=65","og_locale":"fr_FR","og_type":"article","og_title":"Conditions g\u00e9n\u00e9rales de vente - SUMEROD - Alexandre DOREMUS","og_description":"Conditions g\u00e9n\u00e9rales de vente 1. \u00c9tendue de la prestationLa prestation de mise en \u0153uvre comprend exclusivement les \u00e9l\u00e9ments explicitement list\u00e9s dans le descriptif de la commande. De mani\u00e8re corollaire, tout ce qui n\u2019est pas mentionn\u00e9 dans ce descriptif est exclu de la prestation. 2. Modalit\u00e9s de paiementSauf accord pr\u00e9alable entre les parties et mention explicite [&hellip;]","og_url":"https:\/\/sumerod.fr\/?page_id=65","og_site_name":"SUMEROD - Alexandre DOREMUS","article_modified_time":"2025-05-07T18:49:34+00:00","twitter_card":"summary_large_image","twitter_misc":{"Dur\u00e9e de lecture estim\u00e9e":"3 minutes"},"schema":{"@context":"https:\/\/schema.org","@graph":[{"@type":"WebPage","@id":"https:\/\/sumerod.fr\/?page_id=65","url":"https:\/\/sumerod.fr\/?page_id=65","name":"Conditions g\u00e9n\u00e9rales de vente - SUMEROD - Alexandre DOREMUS","isPartOf":{"@id":"https:\/\/sumerod.fr\/#website"},"datePublished":"2025-04-14T16:51:45+00:00","dateModified":"2025-05-07T18:49:34+00:00","breadcrumb":{"@id":"https:\/\/sumerod.fr\/?page_id=65#breadcrumb"},"inLanguage":"fr-FR","potentialAction":[{"@type":"ReadAction","target":["https:\/\/sumerod.fr\/?page_id=65"]}]},{"@type":"BreadcrumbList","@id":"https:\/\/sumerod.fr\/?page_id=65#breadcrumb","itemListElement":[{"@type":"ListItem","position":1,"name":"Accueil","item":"https:\/\/sumerod.fr\/"},{"@type":"ListItem","position":2,"name":"Conditions g\u00e9n\u00e9rales de vente"}]},{"@type":"WebSite","@id":"https:\/\/sumerod.fr\/#website","url":"https:\/\/sumerod.fr\/","name":"SUMEROD","description":"Communication claire, impact durable","publisher":{"@id":"https:\/\/sumerod.fr\/#organization"},"potentialAction":[{"@type":"SearchAction","target":{"@type":"EntryPoint","urlTemplate":"https:\/\/sumerod.fr\/?s={search_term_string}"},"query-input":{"@type":"PropertyValueSpecification","valueRequired":true,"valueName":"search_term_string"}}],"inLanguage":"fr-FR"},{"@type":"Organization","@id":"https:\/\/sumerod.fr\/#organization","name":"SUMEROD","url":"https:\/\/sumerod.fr\/","logo":{"@type":"ImageObject","inLanguage":"fr-FR","@id":"https:\/\/sumerod.fr\/#\/schema\/logo\/image\/","url":"https:\/\/sumerod.fr\/wp-content\/uploads\/2025\/04\/SUMEROD-LOGO-V002-scaled.png","contentUrl":"https:\/\/sumerod.fr\/wp-content\/uploads\/2025\/04\/SUMEROD-LOGO-V002-scaled.png","width":2560,"height":571,"caption":"SUMEROD"},"image":{"@id":"https:\/\/sumerod.fr\/#\/schema\/logo\/image\/"},"sameAs":["https:\/\/www.linkedin.com\/in\/alexandre-doremus-06b118212\/","https:\/\/www.instagram.com\/sumerod_troyes\/","https:\/\/www.youtube.com\/@KartelLeGroupe"]}]}},"_links":{"self":[{"href":"https:\/\/sumerod.fr\/index.php?rest_route=\/wp\/v2\/pages\/65","targetHints":{"allow":["GET"]}}],"collection":[{"href":"https:\/\/sumerod.fr\/index.php?rest_route=\/wp\/v2\/pages"}],"about":[{"href":"https:\/\/sumerod.fr\/index.php?rest_route=\/wp\/v2\/types\/page"}],"author":[{"embeddable":true,"href":"https:\/\/sumerod.fr\/index.php?rest_route=\/wp\/v2\/users\/1"}],"replies":[{"embeddable":true,"href":"https:\/\/sumerod.fr\/index.php?rest_route=%2Fwp%2Fv2%2Fcomments&post=65"}],"version-history":[{"count":12,"href":"https:\/\/sumerod.fr\/index.php?rest_route=\/wp\/v2\/pages\/65\/revisions"}],"predecessor-version":[{"id":472,"href":"https:\/\/sumerod.fr\/index.php?rest_route=\/wp\/v2\/pages\/65\/revisions\/472"}],"wp:attachment":[{"href":"https:\/\/sumerod.fr\/index.php?rest_route=%2Fwp%2Fv2%2Fmedia&parent=65"}],"curies":[{"name":"wp","href":"https:\/\/api.w.org\/{rel}","templated":true}]}}