{"id":63,"date":"2025-04-14T18:51:35","date_gmt":"2025-04-14T16:51:35","guid":{"rendered":"https:\/\/sumerod.fr\/?page_id=63"},"modified":"2025-05-23T19:59:58","modified_gmt":"2025-05-23T17:59:58","slug":"mentions-legales","status":"publish","type":"page","link":"https:\/\/sumerod.fr\/?page_id=63","title":{"rendered":"Mentions l\u00e9gales"},"content":{"rendered":"\n<p class=\"has-text-align-center wp-block-paragraph\" style=\"margin-top:0;margin-right:0px;margin-bottom:0;margin-left:0px;padding-top:32px;padding-right:0px;padding-bottom:32px;padding-left:0px;font-size:clamp(31.152px, 1.947rem + ((1vw - 3.2px) * 2.71), 55px);\"><strong>Mentions <\/strong>l\u00e9gales<\/p>\n\n\n\n<div class=\"wp-block-columns alignfull has-background is-layout-flex wp-container-core-columns-is-layout-8d0b352c wp-block-columns-is-layout-flex\" style=\"background:linear-gradient(291deg,rgb(93,224,230) 1%,rgb(0,74,173) 99%);margin-top:-1.72rem;margin-bottom:-1.72rem;padding-top:2.7rem;padding-right:2.7rem;padding-bottom:2.7rem;padding-left:2.7rem\">\n<div class=\"wp-block-column is-vertically-aligned-center has-background has-medium-font-size is-layout-flow wp-container-core-column-is-layout-80e9d13a wp-block-column-is-layout-flow\" style=\"border-radius:25px;background-color:#ffffff;padding-top:var(--wp--preset--spacing--50);padding-right:var(--wp--preset--spacing--60);padding-bottom:var(--wp--preset--spacing--50);padding-left:var(--wp--preset--spacing--60)\">\n<p class=\"wp-block-paragraph\" style=\"margin-top:0;margin-right:0;margin-bottom:2.75rem;margin-left:0\"><br><strong>\u00c9diteur et propri\u00e9taire du site<br><\/strong><br>D\u00e9nomination : SUMEROD &#8211; Alexandre DOREMUS (EI)<br>Entrepreneur individuel : Alexandre DOREMUS<strong><br><\/strong>SIRET : 943 112 425 00013<br>Adresse : 9 Boulevard du 1er Ram, 10000 Troyes<br>T\u00e9l\u00e9phone : 06 18 24 94 20<br>Adresse e-mail : <a data-start=\"767\" data-end=\"834\" rel=\"noopener\">alexandre.doremus@sumerod.fr<\/a><\/p>\n\n\n\n<p class=\"wp-block-paragraph\"><strong data-start=\"888\" data-end=\"911\">H\u00e9bergement du site<\/strong><br><br>H\u00e9bergeur : OVH<strong data-start=\"928\" data-end=\"935\"><br><\/strong>Si\u00e8ge social : 2 rue Kellermann \u2013 59100 Roubaix \u2013 France<br>T\u00e9l\u00e9phone : 1007<br>Site internet : <a class=\"\" data-start=\"1038\" data-end=\"1082\" href=\"https:\/\/www.ovhcloud.com\" target=\"_new\" rel=\"noopener\">www.ovhcloud.com<\/a><\/p>\n\n\n\n<p class=\"wp-block-paragraph\"><br><strong data-start=\"1084\" data-end=\"1112\">Propri\u00e9t\u00e9 intellectuelle<\/strong><br><br>L&rsquo;ensemble des contenus pr\u00e9sents sur ce site (textes, images, graphismes, logo, etc.) sont la propri\u00e9t\u00e9 exclusive de <strong data-start=\"1232\" data-end=\"1243\">SUMEROD<\/strong>, sauf mentions contraires. Toute reproduction, repr\u00e9sentation, modification, publication, transmission, ou d\u00e9naturation, totale ou partielle, est strictement interdite sans l&rsquo;autorisation \u00e9crite pr\u00e9alable de l&rsquo;\u00e9diteur.<br><br><\/p>\n\n\n\n<p class=\"wp-block-paragraph\"><strong>Cr\u00e9dits photographiques<\/strong><br><a href=\"http:\/\/sumerod.fr\">www.sumerod.fr<\/a><br><a href=\"http:\/\/stock.adobe.com\">stock.adobe.com<\/a><br><a href=\"https:\/\/fr.canva.com\/\" target=\"_blank\" rel=\"noopener\">canva.com<\/a><br><a href=\"https:\/\/fr.freepik.com\/\" target=\"_blank\" rel=\"noopener\">freepik.com<\/a><\/p>\n<\/div>\n\n\n\n<div class=\"wp-block-column is-vertically-aligned-top has-background has-medium-font-size is-layout-flow wp-container-core-column-is-layout-80e9d13a wp-block-column-is-layout-flow\" style=\"border-radius:25px;background-color:#ffffff;padding-top:var(--wp--preset--spacing--50);padding-right:var(--wp--preset--spacing--60);padding-bottom:var(--wp--preset--spacing--50);padding-left:var(--wp--preset--spacing--60)\">\n<p class=\"has-medium-font-size wp-block-paragraph\" style=\"margin-top:0;margin-right:0;margin-bottom:2.75rem;margin-left:0\"><br><strong data-start=\"1464\" data-end=\"1503\">Protection des donn\u00e9es personnelles<br><br><\/strong>Les donn\u00e9es personnelles \u00e9ventuellement collect\u00e9es via les formulaires de contact sont destin\u00e9es exclusivement \u00e0 un usage interne. Conform\u00e9ment au R\u00e8glement G\u00e9n\u00e9ral sur la Protection des Donn\u00e9es (RGPD), vous disposez d\u2019un droit d\u2019acc\u00e8s, de rectification et de suppression des informations vous concernant. Pour exercer ces droits, vous pouvez contacter <strong data-start=\"1859\" data-end=\"1891\"><a data-start=\"1861\" data-end=\"1889\" rel=\"noopener\">alexandre.doremus@sumerod.fr<\/a><\/strong><\/p>\n<\/div>\n<\/div>\n","protected":false},"excerpt":{"rendered":"<p>Mentions l\u00e9gales \u00c9diteur et propri\u00e9taire du siteD\u00e9nomination : SUMEROD &#8211; Alexandre DOREMUS (EI)Entrepreneur individuel : Alexandre DOREMUSSIRET : 943 112 425 00013Adresse : 9 Boulevard du 1er Ram, 10000 TroyesT\u00e9l\u00e9phone : 06 18 24 94 20Adresse e-mail : alexandre.doremus@sumerod.fr H\u00e9bergement du site H\u00e9bergeur : OVHSi\u00e8ge social : 2 rue Kellermann \u2013 59100 Roubaix \u2013 FranceT\u00e9l\u00e9phone [&hellip;]<\/p>\n","protected":false},"author":1,"featured_media":0,"parent":0,"menu_order":0,"comment_status":"closed","ping_status":"closed","template":"","meta":{"_crdt_document":"","footnotes":""},"class_list":["post-63","page","type-page","status-publish","hentry"],"yoast_head":"<!-- This site is optimized with the Yoast SEO plugin v27.3 - https:\/\/yoast.com\/product\/yoast-seo-wordpress\/ -->\n<title>Mentions l\u00e9gales - SUMEROD - Alexandre DOREMUS<\/title>\n<meta name=\"description\" content=\"Communication claire, image forte, impact durable. SUMEROD accompagne les entreprises dans leurs projets de communication visuelle et digitale.\" \/>\n<meta name=\"robots\" content=\"index, follow, max-snippet:-1, max-image-preview:large, max-video-preview:-1\" \/>\n<link rel=\"canonical\" href=\"https:\/\/sumerod.fr\/?page_id=63\" \/>\n<meta property=\"og:locale\" content=\"fr_FR\" \/>\n<meta property=\"og:type\" content=\"article\" \/>\n<meta property=\"og:title\" content=\"Mentions l\u00e9gales - SUMEROD - Alexandre DOREMUS\" \/>\n<meta property=\"og:description\" content=\"Communication claire, image forte, impact durable. SUMEROD accompagne les entreprises dans leurs projets de communication visuelle et digitale.\" \/>\n<meta property=\"og:url\" content=\"https:\/\/sumerod.fr\/?page_id=63\" \/>\n<meta property=\"og:site_name\" content=\"SUMEROD - Alexandre DOREMUS\" \/>\n<meta property=\"article:modified_time\" content=\"2025-05-23T17:59:58+00:00\" \/>\n<meta name=\"twitter:card\" content=\"summary_large_image\" \/>\n<meta name=\"twitter:label1\" content=\"Dur\u00e9e de lecture estim\u00e9e\" \/>\n\t<meta name=\"twitter:data1\" content=\"1 minute\" \/>\n<script type=\"application\/ld+json\" class=\"yoast-schema-graph\">{\"@context\":\"https:\\\/\\\/schema.org\",\"@graph\":[{\"@type\":\"WebPage\",\"@id\":\"https:\\\/\\\/sumerod.fr\\\/?page_id=63\",\"url\":\"https:\\\/\\\/sumerod.fr\\\/?page_id=63\",\"name\":\"Mentions l\u00e9gales - SUMEROD - Alexandre DOREMUS\",\"isPartOf\":{\"@id\":\"https:\\\/\\\/sumerod.fr\\\/#website\"},\"datePublished\":\"2025-04-14T16:51:35+00:00\",\"dateModified\":\"2025-05-23T17:59:58+00:00\",\"description\":\"Communication claire, image forte, impact durable. SUMEROD accompagne les entreprises dans leurs projets de communication visuelle et digitale.\",\"breadcrumb\":{\"@id\":\"https:\\\/\\\/sumerod.fr\\\/?page_id=63#breadcrumb\"},\"inLanguage\":\"fr-FR\",\"potentialAction\":[{\"@type\":\"ReadAction\",\"target\":[\"https:\\\/\\\/sumerod.fr\\\/?page_id=63\"]}]},{\"@type\":\"BreadcrumbList\",\"@id\":\"https:\\\/\\\/sumerod.fr\\\/?page_id=63#breadcrumb\",\"itemListElement\":[{\"@type\":\"ListItem\",\"position\":1,\"name\":\"Accueil\",\"item\":\"https:\\\/\\\/sumerod.fr\\\/\"},{\"@type\":\"ListItem\",\"position\":2,\"name\":\"Mentions l\u00e9gales\"}]},{\"@type\":\"WebSite\",\"@id\":\"https:\\\/\\\/sumerod.fr\\\/#website\",\"url\":\"https:\\\/\\\/sumerod.fr\\\/\",\"name\":\"SUMEROD\",\"description\":\"Communication claire, impact durable\",\"publisher\":{\"@id\":\"https:\\\/\\\/sumerod.fr\\\/#organization\"},\"potentialAction\":[{\"@type\":\"SearchAction\",\"target\":{\"@type\":\"EntryPoint\",\"urlTemplate\":\"https:\\\/\\\/sumerod.fr\\\/?s={search_term_string}\"},\"query-input\":{\"@type\":\"PropertyValueSpecification\",\"valueRequired\":true,\"valueName\":\"search_term_string\"}}],\"inLanguage\":\"fr-FR\"},{\"@type\":\"Organization\",\"@id\":\"https:\\\/\\\/sumerod.fr\\\/#organization\",\"name\":\"SUMEROD\",\"url\":\"https:\\\/\\\/sumerod.fr\\\/\",\"logo\":{\"@type\":\"ImageObject\",\"inLanguage\":\"fr-FR\",\"@id\":\"https:\\\/\\\/sumerod.fr\\\/#\\\/schema\\\/logo\\\/image\\\/\",\"url\":\"https:\\\/\\\/sumerod.fr\\\/wp-content\\\/uploads\\\/2025\\\/04\\\/SUMEROD-LOGO-V002-scaled.png\",\"contentUrl\":\"https:\\\/\\\/sumerod.fr\\\/wp-content\\\/uploads\\\/2025\\\/04\\\/SUMEROD-LOGO-V002-scaled.png\",\"width\":2560,\"height\":571,\"caption\":\"SUMEROD\"},\"image\":{\"@id\":\"https:\\\/\\\/sumerod.fr\\\/#\\\/schema\\\/logo\\\/image\\\/\"},\"sameAs\":[\"https:\\\/\\\/www.linkedin.com\\\/in\\\/alexandre-doremus-06b118212\\\/\",\"https:\\\/\\\/www.instagram.com\\\/sumerod_troyes\\\/\",\"https:\\\/\\\/www.youtube.com\\\/@KartelLeGroupe\"]}]}<\/script>\n<!-- \/ Yoast SEO plugin. -->","yoast_head_json":{"title":"Mentions l\u00e9gales - SUMEROD - Alexandre DOREMUS","description":"Communication claire, image forte, impact durable. SUMEROD accompagne les entreprises dans leurs projets de communication visuelle et digitale.","robots":{"index":"index","follow":"follow","max-snippet":"max-snippet:-1","max-image-preview":"max-image-preview:large","max-video-preview":"max-video-preview:-1"},"canonical":"https:\/\/sumerod.fr\/?page_id=63","og_locale":"fr_FR","og_type":"article","og_title":"Mentions l\u00e9gales - SUMEROD - Alexandre DOREMUS","og_description":"Communication claire, image forte, impact durable. SUMEROD accompagne les entreprises dans leurs projets de communication visuelle et digitale.","og_url":"https:\/\/sumerod.fr\/?page_id=63","og_site_name":"SUMEROD - Alexandre DOREMUS","article_modified_time":"2025-05-23T17:59:58+00:00","twitter_card":"summary_large_image","twitter_misc":{"Dur\u00e9e de lecture estim\u00e9e":"1 minute"},"schema":{"@context":"https:\/\/schema.org","@graph":[{"@type":"WebPage","@id":"https:\/\/sumerod.fr\/?page_id=63","url":"https:\/\/sumerod.fr\/?page_id=63","name":"Mentions l\u00e9gales - SUMEROD - Alexandre DOREMUS","isPartOf":{"@id":"https:\/\/sumerod.fr\/#website"},"datePublished":"2025-04-14T16:51:35+00:00","dateModified":"2025-05-23T17:59:58+00:00","description":"Communication claire, image forte, impact durable. SUMEROD accompagne les entreprises dans leurs projets de communication visuelle et digitale.","breadcrumb":{"@id":"https:\/\/sumerod.fr\/?page_id=63#breadcrumb"},"inLanguage":"fr-FR","potentialAction":[{"@type":"ReadAction","target":["https:\/\/sumerod.fr\/?page_id=63"]}]},{"@type":"BreadcrumbList","@id":"https:\/\/sumerod.fr\/?page_id=63#breadcrumb","itemListElement":[{"@type":"ListItem","position":1,"name":"Accueil","item":"https:\/\/sumerod.fr\/"},{"@type":"ListItem","position":2,"name":"Mentions l\u00e9gales"}]},{"@type":"WebSite","@id":"https:\/\/sumerod.fr\/#website","url":"https:\/\/sumerod.fr\/","name":"SUMEROD","description":"Communication claire, impact durable","publisher":{"@id":"https:\/\/sumerod.fr\/#organization"},"potentialAction":[{"@type":"SearchAction","target":{"@type":"EntryPoint","urlTemplate":"https:\/\/sumerod.fr\/?s={search_term_string}"},"query-input":{"@type":"PropertyValueSpecification","valueRequired":true,"valueName":"search_term_string"}}],"inLanguage":"fr-FR"},{"@type":"Organization","@id":"https:\/\/sumerod.fr\/#organization","name":"SUMEROD","url":"https:\/\/sumerod.fr\/","logo":{"@type":"ImageObject","inLanguage":"fr-FR","@id":"https:\/\/sumerod.fr\/#\/schema\/logo\/image\/","url":"https:\/\/sumerod.fr\/wp-content\/uploads\/2025\/04\/SUMEROD-LOGO-V002-scaled.png","contentUrl":"https:\/\/sumerod.fr\/wp-content\/uploads\/2025\/04\/SUMEROD-LOGO-V002-scaled.png","width":2560,"height":571,"caption":"SUMEROD"},"image":{"@id":"https:\/\/sumerod.fr\/#\/schema\/logo\/image\/"},"sameAs":["https:\/\/www.linkedin.com\/in\/alexandre-doremus-06b118212\/","https:\/\/www.instagram.com\/sumerod_troyes\/","https:\/\/www.youtube.com\/@KartelLeGroupe"]}]}},"_links":{"self":[{"href":"https:\/\/sumerod.fr\/index.php?rest_route=\/wp\/v2\/pages\/63","targetHints":{"allow":["GET"]}}],"collection":[{"href":"https:\/\/sumerod.fr\/index.php?rest_route=\/wp\/v2\/pages"}],"about":[{"href":"https:\/\/sumerod.fr\/index.php?rest_route=\/wp\/v2\/types\/page"}],"author":[{"embeddable":true,"href":"https:\/\/sumerod.fr\/index.php?rest_route=\/wp\/v2\/users\/1"}],"replies":[{"embeddable":true,"href":"https:\/\/sumerod.fr\/index.php?rest_route=%2Fwp%2Fv2%2Fcomments&post=63"}],"version-history":[{"count":28,"href":"https:\/\/sumerod.fr\/index.php?rest_route=\/wp\/v2\/pages\/63\/revisions"}],"predecessor-version":[{"id":612,"href":"https:\/\/sumerod.fr\/index.php?rest_route=\/wp\/v2\/pages\/63\/revisions\/612"}],"wp:attachment":[{"href":"https:\/\/sumerod.fr\/index.php?rest_route=%2Fwp%2Fv2%2Fmedia&parent=63"}],"curies":[{"name":"wp","href":"https:\/\/api.w.org\/{rel}","templated":true}]}}