{"id":28,"date":"2025-04-14T18:05:58","date_gmt":"2025-04-14T16:05:58","guid":{"rendered":"https:\/\/sumerod.fr\/?page_id=28"},"modified":"2025-05-07T21:20:57","modified_gmt":"2025-05-07T19:20:57","slug":"contact-devis","status":"publish","type":"page","link":"https:\/\/sumerod.fr\/?page_id=28","title":{"rendered":"Contact &amp; Devis"},"content":{"rendered":"\n<section class=\"wp-block-group alignfull has-text-color has-background has-global-padding is-layout-constrained wp-container-core-group-is-layout-026f6a01 wp-block-group-is-layout-constrained\" id=\"contact\" style=\"color:#03081e;background-color:#eff9ff;margin-top:0px;padding-top:2.4rem;padding-right:var(--wp--preset--spacing--40);padding-bottom:5.5rem;padding-left:var(--wp--preset--spacing--30);font-size:clamp(0.875rem, 0.875rem + ((1vw - 0.2rem) * 0.464), 1.13rem);font-style:normal;font-weight:400;line-height:1.4\">\n<div class=\"wp-block-columns is-layout-flex wp-container-core-columns-is-layout-1c962509 wp-block-columns-is-layout-flex\" style=\"margin-bottom:0px\">\n<div class=\"wp-block-column has-global-padding is-content-justification-left is-layout-constrained wp-container-core-column-is-layout-69d0b17a wp-block-column-is-layout-constrained\" style=\"flex-basis:45%\">\n<figure class=\"wp-block-image aligncenter size-full\" style=\"margin-top:0;margin-bottom:0\"><img loading=\"lazy\" decoding=\"async\" width=\"787\" height=\"698\" src=\"https:\/\/sumerod.fr\/wp-content\/uploads\/2025\/04\/Design-sans-titre-29-3.png\" alt=\"\" class=\"wp-image-105\" srcset=\"https:\/\/sumerod.fr\/wp-content\/uploads\/2025\/04\/Design-sans-titre-29-3.png 787w, https:\/\/sumerod.fr\/wp-content\/uploads\/2025\/04\/Design-sans-titre-29-3-300x266.png 300w, https:\/\/sumerod.fr\/wp-content\/uploads\/2025\/04\/Design-sans-titre-29-3-768x681.png 768w\" sizes=\"auto, (max-width: 787px) 100vw, 787px\" \/><\/figure>\n<\/div>\n\n\n\n<div class=\"wp-block-column is-layout-flow wp-block-column-is-layout-flow\">\n<div class=\"wp-block-group is-horizontal is-content-justification-left is-layout-flex wp-container-core-group-is-layout-52795508 wp-block-group-is-layout-flex\" style=\"min-height:100%\">\n<div class=\"wp-block-group has-global-padding is-content-justification-center is-layout-constrained wp-container-core-group-is-layout-4fd33087 wp-block-group-is-layout-constrained\" style=\"margin-top:0;margin-bottom:0;padding-right:var(--wp--preset--spacing--50);padding-left:var(--wp--preset--spacing--50)\">\n<h2 class=\"wp-block-heading has-text-align-center\" style=\"margin-top:var(--wp--preset--spacing--20);margin-bottom:var(--wp--preset--spacing--20);font-size:clamp(30.693px, 1.918rem + ((1vw - 3.2px) * 2.649), 54px);\"><strong>Contactez<\/strong>-moi<\/h2>\n\n\n\n<p class=\"has-text-align-left has-text-color has-maax-font-family wp-block-paragraph\" style=\"color:#03081f8c;margin-top:0rem;font-size:clamp(0.875rem, 0.875rem + ((1vw - 0.2rem) * 0.609), 1.21rem);font-style:normal;font-weight:400;line-height:1.4\">N\u2019h\u00e9sitez pas \u00e0 me contacter pour \u00e9changer autour de votre projet, discuter de vos besoins en communication visuelle ou graphique, et obtenir un devis personnalis\u00e9 adapt\u00e9 \u00e0 vos objectifs.<\/p>\n\n\n\n<p class=\"has-text-align-left has-text-color has-maax-font-family wp-block-paragraph\" style=\"color:#03081e;margin-top:0rem;font-size:clamp(0.875rem, 0.875rem + ((1vw - 0.2rem) * 0.609), 1.21rem);font-style:normal;font-weight:400;line-height:1.6\"><br><strong>Alexandre DOREMUS<\/strong> &#8211; Graphiste freelance \u00e0 Troyes<\/p>\n\n\n\n<p class=\"has-text-align-left has-text-color has-maax-font-family wp-block-paragraph\" style=\"color:#03081e;margin-top:0rem;font-size:clamp(0.875rem, 0.875rem + ((1vw - 0.2rem) * 0.609), 1.21rem);font-style:normal;font-weight:400;line-height:1.6\"><strong>Si\u00e8ge social :<\/strong> 9 Boulevard du 1er R.A.M &#8211; 10000 TROYES (si\u00e8ge)<br><strong>Mail :<\/strong> alexandre.doremus@sumerod.com<br><strong>T\u00e9l : <\/strong>06 18 24 94 20<\/p>\n\n\n\n<div class=\"wp-block-buttons is-horizontal is-content-justification-center is-layout-flex wp-container-core-buttons-is-layout-2a171413 wp-block-buttons-is-layout-flex\" style=\"margin-top:2.51rem\">\n<div class=\"wp-block-button has-custom-width wp-block-button__width-75\"><a class=\"wp-block-button__link has-white-color has-text-color has-background has-custom-font-size wp-element-button\" href=\"https:\/\/forms.gle\/iFh68X4C7caNBqYj9\" style=\"border-radius:62px;background-color:#0a5ab3;padding-top:var(--wp--preset--spacing--20);padding-right:var(--wp--preset--spacing--40);padding-bottom:var(--wp--preset--spacing--20);padding-left:var(--wp--preset--spacing--40);font-size:clamp(14px, 0.875rem + ((1vw - 3.2px) * 0.568), 19px);\">Discutons de <strong>votre projet<\/strong><\/a><\/div>\n<\/div>\n<\/div>\n<\/div>\n<\/div>\n<\/div>\n<\/section>\n","protected":false},"excerpt":{"rendered":"<p>Contactez-moi N\u2019h\u00e9sitez pas \u00e0 me contacter pour \u00e9changer autour de votre projet, discuter de vos besoins en communication visuelle ou graphique, et obtenir un devis personnalis\u00e9 adapt\u00e9 \u00e0 vos objectifs. Alexandre DOREMUS &#8211; Graphiste freelance \u00e0 Troyes Si\u00e8ge social : 9 Boulevard du 1er R.A.M &#8211; 10000 TROYES (si\u00e8ge)Mail : alexandre.doremus@sumerod.comT\u00e9l : 06 18 24 [&hellip;]<\/p>\n","protected":false},"author":1,"featured_media":0,"parent":0,"menu_order":0,"comment_status":"closed","ping_status":"closed","template":"","meta":{"_crdt_document":"","footnotes":""},"class_list":["post-28","page","type-page","status-publish","hentry"],"yoast_head":"<!-- This site is optimized with the Yoast SEO plugin v27.3 - https:\/\/yoast.com\/product\/yoast-seo-wordpress\/ -->\n<title>Contact &amp; Devis - SUMEROD - Alexandre DOREMUS<\/title>\n<meta name=\"robots\" content=\"index, follow, max-snippet:-1, max-image-preview:large, max-video-preview:-1\" \/>\n<link rel=\"canonical\" href=\"https:\/\/sumerod.fr\/?page_id=28\" \/>\n<meta property=\"og:locale\" content=\"fr_FR\" \/>\n<meta property=\"og:type\" content=\"article\" \/>\n<meta property=\"og:title\" content=\"Contact &amp; Devis - SUMEROD - Alexandre DOREMUS\" \/>\n<meta property=\"og:description\" content=\"Contactez-moi N\u2019h\u00e9sitez pas \u00e0 me contacter pour \u00e9changer autour de votre projet, discuter de vos besoins en communication visuelle ou graphique, et obtenir un devis personnalis\u00e9 adapt\u00e9 \u00e0 vos objectifs. Alexandre DOREMUS &#8211; Graphiste freelance \u00e0 Troyes Si\u00e8ge social : 9 Boulevard du 1er R.A.M &#8211; 10000 TROYES (si\u00e8ge)Mail : alexandre.doremus@sumerod.comT\u00e9l : 06 18 24 [&hellip;]\" \/>\n<meta property=\"og:url\" content=\"https:\/\/sumerod.fr\/?page_id=28\" \/>\n<meta property=\"og:site_name\" content=\"SUMEROD - Alexandre DOREMUS\" \/>\n<meta property=\"article:modified_time\" content=\"2025-05-07T19:20:57+00:00\" \/>\n<meta property=\"og:image\" content=\"https:\/\/sumerod.fr\/wp-content\/uploads\/2025\/04\/Design-sans-titre-29-3.png\" \/>\n\t<meta property=\"og:image:width\" content=\"787\" \/>\n\t<meta property=\"og:image:height\" content=\"698\" \/>\n\t<meta property=\"og:image:type\" content=\"image\/png\" \/>\n<meta name=\"twitter:card\" content=\"summary_large_image\" \/>\n<meta name=\"twitter:label1\" content=\"Dur\u00e9e de lecture estim\u00e9e\" \/>\n\t<meta name=\"twitter:data1\" content=\"1 minute\" \/>\n<script type=\"application\/ld+json\" class=\"yoast-schema-graph\">{\"@context\":\"https:\\\/\\\/schema.org\",\"@graph\":[{\"@type\":\"WebPage\",\"@id\":\"https:\\\/\\\/sumerod.fr\\\/?page_id=28\",\"url\":\"https:\\\/\\\/sumerod.fr\\\/?page_id=28\",\"name\":\"Contact &amp; Devis - SUMEROD - Alexandre DOREMUS\",\"isPartOf\":{\"@id\":\"https:\\\/\\\/sumerod.fr\\\/#website\"},\"primaryImageOfPage\":{\"@id\":\"https:\\\/\\\/sumerod.fr\\\/?page_id=28#primaryimage\"},\"image\":{\"@id\":\"https:\\\/\\\/sumerod.fr\\\/?page_id=28#primaryimage\"},\"thumbnailUrl\":\"https:\\\/\\\/sumerod.fr\\\/wp-content\\\/uploads\\\/2025\\\/04\\\/Design-sans-titre-29-3.png\",\"datePublished\":\"2025-04-14T16:05:58+00:00\",\"dateModified\":\"2025-05-07T19:20:57+00:00\",\"breadcrumb\":{\"@id\":\"https:\\\/\\\/sumerod.fr\\\/?page_id=28#breadcrumb\"},\"inLanguage\":\"fr-FR\",\"potentialAction\":[{\"@type\":\"ReadAction\",\"target\":[\"https:\\\/\\\/sumerod.fr\\\/?page_id=28\"]}]},{\"@type\":\"ImageObject\",\"inLanguage\":\"fr-FR\",\"@id\":\"https:\\\/\\\/sumerod.fr\\\/?page_id=28#primaryimage\",\"url\":\"https:\\\/\\\/sumerod.fr\\\/wp-content\\\/uploads\\\/2025\\\/04\\\/Design-sans-titre-29-3.png\",\"contentUrl\":\"https:\\\/\\\/sumerod.fr\\\/wp-content\\\/uploads\\\/2025\\\/04\\\/Design-sans-titre-29-3.png\",\"width\":787,\"height\":698},{\"@type\":\"BreadcrumbList\",\"@id\":\"https:\\\/\\\/sumerod.fr\\\/?page_id=28#breadcrumb\",\"itemListElement\":[{\"@type\":\"ListItem\",\"position\":1,\"name\":\"Accueil\",\"item\":\"https:\\\/\\\/sumerod.fr\\\/\"},{\"@type\":\"ListItem\",\"position\":2,\"name\":\"Contact &amp; Devis\"}]},{\"@type\":\"WebSite\",\"@id\":\"https:\\\/\\\/sumerod.fr\\\/#website\",\"url\":\"https:\\\/\\\/sumerod.fr\\\/\",\"name\":\"SUMEROD\",\"description\":\"Communication claire, impact durable\",\"publisher\":{\"@id\":\"https:\\\/\\\/sumerod.fr\\\/#organization\"},\"potentialAction\":[{\"@type\":\"SearchAction\",\"target\":{\"@type\":\"EntryPoint\",\"urlTemplate\":\"https:\\\/\\\/sumerod.fr\\\/?s={search_term_string}\"},\"query-input\":{\"@type\":\"PropertyValueSpecification\",\"valueRequired\":true,\"valueName\":\"search_term_string\"}}],\"inLanguage\":\"fr-FR\"},{\"@type\":\"Organization\",\"@id\":\"https:\\\/\\\/sumerod.fr\\\/#organization\",\"name\":\"SUMEROD\",\"url\":\"https:\\\/\\\/sumerod.fr\\\/\",\"logo\":{\"@type\":\"ImageObject\",\"inLanguage\":\"fr-FR\",\"@id\":\"https:\\\/\\\/sumerod.fr\\\/#\\\/schema\\\/logo\\\/image\\\/\",\"url\":\"https:\\\/\\\/sumerod.fr\\\/wp-content\\\/uploads\\\/2025\\\/04\\\/SUMEROD-LOGO-V002-scaled.png\",\"contentUrl\":\"https:\\\/\\\/sumerod.fr\\\/wp-content\\\/uploads\\\/2025\\\/04\\\/SUMEROD-LOGO-V002-scaled.png\",\"width\":2560,\"height\":571,\"caption\":\"SUMEROD\"},\"image\":{\"@id\":\"https:\\\/\\\/sumerod.fr\\\/#\\\/schema\\\/logo\\\/image\\\/\"},\"sameAs\":[\"https:\\\/\\\/www.linkedin.com\\\/in\\\/alexandre-doremus-06b118212\\\/\",\"https:\\\/\\\/www.instagram.com\\\/sumerod_troyes\\\/\",\"https:\\\/\\\/www.youtube.com\\\/@KartelLeGroupe\"]}]}<\/script>\n<!-- \/ Yoast SEO plugin. -->","yoast_head_json":{"title":"Contact &amp; Devis - SUMEROD - Alexandre DOREMUS","robots":{"index":"index","follow":"follow","max-snippet":"max-snippet:-1","max-image-preview":"max-image-preview:large","max-video-preview":"max-video-preview:-1"},"canonical":"https:\/\/sumerod.fr\/?page_id=28","og_locale":"fr_FR","og_type":"article","og_title":"Contact &amp; Devis - SUMEROD - Alexandre DOREMUS","og_description":"Contactez-moi N\u2019h\u00e9sitez pas \u00e0 me contacter pour \u00e9changer autour de votre projet, discuter de vos besoins en communication visuelle ou graphique, et obtenir un devis personnalis\u00e9 adapt\u00e9 \u00e0 vos objectifs. Alexandre DOREMUS &#8211; Graphiste freelance \u00e0 Troyes Si\u00e8ge social : 9 Boulevard du 1er R.A.M &#8211; 10000 TROYES (si\u00e8ge)Mail : alexandre.doremus@sumerod.comT\u00e9l : 06 18 24 [&hellip;]","og_url":"https:\/\/sumerod.fr\/?page_id=28","og_site_name":"SUMEROD - Alexandre DOREMUS","article_modified_time":"2025-05-07T19:20:57+00:00","og_image":[{"width":787,"height":698,"url":"https:\/\/sumerod.fr\/wp-content\/uploads\/2025\/04\/Design-sans-titre-29-3.png","type":"image\/png"}],"twitter_card":"summary_large_image","twitter_misc":{"Dur\u00e9e de lecture estim\u00e9e":"1 minute"},"schema":{"@context":"https:\/\/schema.org","@graph":[{"@type":"WebPage","@id":"https:\/\/sumerod.fr\/?page_id=28","url":"https:\/\/sumerod.fr\/?page_id=28","name":"Contact &amp; Devis - SUMEROD - Alexandre DOREMUS","isPartOf":{"@id":"https:\/\/sumerod.fr\/#website"},"primaryImageOfPage":{"@id":"https:\/\/sumerod.fr\/?page_id=28#primaryimage"},"image":{"@id":"https:\/\/sumerod.fr\/?page_id=28#primaryimage"},"thumbnailUrl":"https:\/\/sumerod.fr\/wp-content\/uploads\/2025\/04\/Design-sans-titre-29-3.png","datePublished":"2025-04-14T16:05:58+00:00","dateModified":"2025-05-07T19:20:57+00:00","breadcrumb":{"@id":"https:\/\/sumerod.fr\/?page_id=28#breadcrumb"},"inLanguage":"fr-FR","potentialAction":[{"@type":"ReadAction","target":["https:\/\/sumerod.fr\/?page_id=28"]}]},{"@type":"ImageObject","inLanguage":"fr-FR","@id":"https:\/\/sumerod.fr\/?page_id=28#primaryimage","url":"https:\/\/sumerod.fr\/wp-content\/uploads\/2025\/04\/Design-sans-titre-29-3.png","contentUrl":"https:\/\/sumerod.fr\/wp-content\/uploads\/2025\/04\/Design-sans-titre-29-3.png","width":787,"height":698},{"@type":"BreadcrumbList","@id":"https:\/\/sumerod.fr\/?page_id=28#breadcrumb","itemListElement":[{"@type":"ListItem","position":1,"name":"Accueil","item":"https:\/\/sumerod.fr\/"},{"@type":"ListItem","position":2,"name":"Contact &amp; Devis"}]},{"@type":"WebSite","@id":"https:\/\/sumerod.fr\/#website","url":"https:\/\/sumerod.fr\/","name":"SUMEROD","description":"Communication claire, impact durable","publisher":{"@id":"https:\/\/sumerod.fr\/#organization"},"potentialAction":[{"@type":"SearchAction","target":{"@type":"EntryPoint","urlTemplate":"https:\/\/sumerod.fr\/?s={search_term_string}"},"query-input":{"@type":"PropertyValueSpecification","valueRequired":true,"valueName":"search_term_string"}}],"inLanguage":"fr-FR"},{"@type":"Organization","@id":"https:\/\/sumerod.fr\/#organization","name":"SUMEROD","url":"https:\/\/sumerod.fr\/","logo":{"@type":"ImageObject","inLanguage":"fr-FR","@id":"https:\/\/sumerod.fr\/#\/schema\/logo\/image\/","url":"https:\/\/sumerod.fr\/wp-content\/uploads\/2025\/04\/SUMEROD-LOGO-V002-scaled.png","contentUrl":"https:\/\/sumerod.fr\/wp-content\/uploads\/2025\/04\/SUMEROD-LOGO-V002-scaled.png","width":2560,"height":571,"caption":"SUMEROD"},"image":{"@id":"https:\/\/sumerod.fr\/#\/schema\/logo\/image\/"},"sameAs":["https:\/\/www.linkedin.com\/in\/alexandre-doremus-06b118212\/","https:\/\/www.instagram.com\/sumerod_troyes\/","https:\/\/www.youtube.com\/@KartelLeGroupe"]}]}},"_links":{"self":[{"href":"https:\/\/sumerod.fr\/index.php?rest_route=\/wp\/v2\/pages\/28","targetHints":{"allow":["GET"]}}],"collection":[{"href":"https:\/\/sumerod.fr\/index.php?rest_route=\/wp\/v2\/pages"}],"about":[{"href":"https:\/\/sumerod.fr\/index.php?rest_route=\/wp\/v2\/types\/page"}],"author":[{"embeddable":true,"href":"https:\/\/sumerod.fr\/index.php?rest_route=\/wp\/v2\/users\/1"}],"replies":[{"embeddable":true,"href":"https:\/\/sumerod.fr\/index.php?rest_route=%2Fwp%2Fv2%2Fcomments&post=28"}],"version-history":[{"count":4,"href":"https:\/\/sumerod.fr\/index.php?rest_route=\/wp\/v2\/pages\/28\/revisions"}],"predecessor-version":[{"id":618,"href":"https:\/\/sumerod.fr\/index.php?rest_route=\/wp\/v2\/pages\/28\/revisions\/618"}],"wp:attachment":[{"href":"https:\/\/sumerod.fr\/index.php?rest_route=%2Fwp%2Fv2%2Fmedia&parent=28"}],"curies":[{"name":"wp","href":"https:\/\/api.w.org\/{rel}","templated":true}]}}