{"id":26,"date":"2025-04-14T18:05:45","date_gmt":"2025-04-14T16:05:45","guid":{"rendered":"https:\/\/sumerod.fr\/?page_id=26"},"modified":"2025-05-06T23:46:21","modified_gmt":"2025-05-06T21:46:21","slug":"a-propos","status":"publish","type":"page","link":"https:\/\/sumerod.fr\/?page_id=26","title":{"rendered":"\u00c0 propos"},"content":{"rendered":"\n<h2 class=\"wp-block-heading has-text-align-center\" style=\"margin-top:var(--wp--preset--spacing--30);margin-bottom:var(--wp--preset--spacing--30)\">\u00c0 <strong>propos<\/strong><\/h2>\n\n\n\n<div class=\"wp-block-media-text alignfull has-media-on-the-right is-stacked-on-mobile is-vertically-aligned-center has-background\" style=\"border-style:none;border-width:0px;border-radius:29px;background:linear-gradient(325deg,rgb(93,224,230) 0%,rgb(0,74,173) 97%);margin-top:0;margin-right:0;margin-bottom:0;margin-left:0;padding-top:var(--wp--preset--spacing--60);padding-right:32px;padding-bottom:var(--wp--preset--spacing--60);padding-left:32px;grid-template-columns:auto 32%\" id=\"\u00e0-propos\"><div class=\"wp-block-media-text__content\">\n<p class=\"has-text-align-left has-text-color has-link-color wp-elements-52b633e115c596c985ece63011cf5814 wp-block-paragraph\" style=\"color:#ffffff;margin-top:0;margin-right:0;margin-bottom:0;margin-left:0;font-size:clamp(24.034px, 1.502rem + ((1vw - 3.2px) * 1.814), 40px);line-height:1.1\"><strong>Faisons connaissance.<\/strong><\/p>\n\n\n\n<p class=\"has-text-align-left has-text-color has-link-color wp-elements-7c159e60536fc5f00510e7578d8c7020 wp-block-paragraph\" style=\"color:#ffffff;margin-top:var(--wp--preset--spacing--20);margin-right:0;margin-bottom:var(--wp--preset--spacing--20);margin-left:0;padding-top:0;padding-right:0;padding-bottom:0;padding-left:0;font-size:clamp(14px, 0.875rem + ((1vw - 3.2px) * 0.568), 19px);line-height:1.4\">Alexandre Doremus, graphiste freelance bas\u00e9 \u00e0 Troyes, passionn\u00e9 par la communication et le marketing. Je mets ma cr\u00e9ativit\u00e9 et mon expertise au service des entreprises, associations souhaitant valoriser leur image et se d\u00e9marquer dans un environnement concurrentiel. <br><br><strong>Je travaille en collaboration directe avec vous afin de d\u00e9finir :<\/strong><\/p>\n\n\n\n<ul class=\"wp-block-list\">\n<li class=\"has-text-color has-link-color wp-elements-a5079d4176f5bbed136cfa97128965dc\" style=\"color:#ffffff;font-size:clamp(14px, 0.875rem + ((1vw - 3.2px) * 0.568), 19px);\"><strong>Votre identit\u00e9 graphique<\/strong><\/li>\n\n\n\n<li class=\"has-text-color has-link-color wp-elements-d724f76e25fc164ed04d70dd993f9ddf\" style=\"color:#ffffff;font-size:clamp(14px, 0.875rem + ((1vw - 3.2px) * 0.568), 19px);\"><strong>Vos besoins de supports<\/strong><\/li>\n\n\n\n<li class=\"has-text-color has-link-color wp-elements-0790fe584f42d73a736a40f6eefa34b4\" style=\"color:#ffffff;font-size:clamp(14px, 0.875rem + ((1vw - 3.2px) * 0.568), 19px);\"><strong>Votre strat\u00e9gie digitale<\/strong><\/li>\n<\/ul>\n\n\n\n<div class=\"wp-block-buttons is-layout-flex wp-block-buttons-is-layout-flex\">\n<div class=\"wp-block-button\"><a class=\"wp-block-button__link has-text-color has-background has-custom-font-size wp-element-button\" href=\"https:\/\/sumerod.fr\/wp-content\/uploads\/2025\/04\/CV-alexandre-doremus-SUMEROD-2025-AVRIL-2025-V003-1.pdf\" style=\"border-radius:18px;color:#000000;background-color:#ffffff;padding-top:var(--wp--preset--spacing--30);padding-right:var(--wp--preset--spacing--50);padding-bottom:var(--wp--preset--spacing--30);padding-left:var(--wp--preset--spacing--50);font-size:clamp(14px, 0.875rem + ((1vw - 3.2px) * 0.227), 16px);\"><strong>D\u00e9couvrir mon parcours<\/strong><\/a><\/div>\n<\/div>\n<\/div><figure class=\"wp-block-media-text__media\"><img loading=\"lazy\" decoding=\"async\" width=\"1024\" height=\"996\" src=\"https:\/\/sumerod.fr\/wp-content\/uploads\/2025\/04\/Z7T_3281NEW-V2-1024x996.png\" alt=\"\" class=\"wp-image-96 size-large\" srcset=\"https:\/\/sumerod.fr\/wp-content\/uploads\/2025\/04\/Z7T_3281NEW-V2-1024x996.png 1024w, https:\/\/sumerod.fr\/wp-content\/uploads\/2025\/04\/Z7T_3281NEW-V2-300x292.png 300w, https:\/\/sumerod.fr\/wp-content\/uploads\/2025\/04\/Z7T_3281NEW-V2-768x747.png 768w, https:\/\/sumerod.fr\/wp-content\/uploads\/2025\/04\/Z7T_3281NEW-V2-1536x1494.png 1536w, https:\/\/sumerod.fr\/wp-content\/uploads\/2025\/04\/Z7T_3281NEW-V2-2048x1992.png 2048w\" sizes=\"auto, (max-width: 1024px) 100vw, 1024px\" \/><\/figure><\/div>\n\n\n\n<div class=\"wp-block-buttons is-content-justification-center is-layout-flex wp-container-core-buttons-is-layout-20959078 wp-block-buttons-is-layout-flex\">\n<div class=\"wp-block-button\"><a class=\"wp-block-button__link has-white-color has-text-color has-background has-custom-font-size wp-element-button\" href=\"https:\/\/forms.gle\/iFh68X4C7caNBqYj9\" style=\"border-radius:62px;background-color:#0a5ab3;padding-top:var(--wp--preset--spacing--20);padding-right:var(--wp--preset--spacing--40);padding-bottom:var(--wp--preset--spacing--20);padding-left:var(--wp--preset--spacing--40);font-size:clamp(14px, 0.875rem + ((1vw - 3.2px) * 0.568), 19px);\" target=\"_blank\" rel=\"noreferrer noopener\">Discutons de <strong>votre projet<\/strong><\/a><\/div>\n<\/div>\n","protected":false},"excerpt":{"rendered":"<p>\u00c0 propos<\/p>\n","protected":false},"author":1,"featured_media":0,"parent":0,"menu_order":0,"comment_status":"closed","ping_status":"closed","template":"","meta":{"_crdt_document":"","footnotes":""},"class_list":["post-26","page","type-page","status-publish","hentry"],"yoast_head":"<!-- This site is optimized with the Yoast SEO plugin v27.3 - https:\/\/yoast.com\/product\/yoast-seo-wordpress\/ -->\n<title>\u00c0 propos - SUMEROD - Alexandre DOREMUS<\/title>\n<meta name=\"robots\" content=\"index, follow, max-snippet:-1, max-image-preview:large, max-video-preview:-1\" \/>\n<link rel=\"canonical\" href=\"https:\/\/sumerod.fr\/?page_id=26\" \/>\n<meta property=\"og:locale\" content=\"fr_FR\" \/>\n<meta property=\"og:type\" content=\"article\" \/>\n<meta property=\"og:title\" content=\"\u00c0 propos - SUMEROD - Alexandre DOREMUS\" \/>\n<meta property=\"og:description\" content=\"\u00c0 propos\" \/>\n<meta property=\"og:url\" content=\"https:\/\/sumerod.fr\/?page_id=26\" \/>\n<meta property=\"og:site_name\" content=\"SUMEROD - Alexandre DOREMUS\" \/>\n<meta property=\"article:modified_time\" content=\"2025-05-06T21:46:21+00:00\" \/>\n<meta property=\"og:image\" content=\"https:\/\/sumerod.fr\/wp-content\/uploads\/2025\/04\/Z7T_3281NEW-V2-1024x996.png\" \/>\n\t<meta property=\"og:image:width\" content=\"1024\" \/>\n\t<meta property=\"og:image:height\" content=\"996\" \/>\n\t<meta property=\"og:image:type\" content=\"image\/png\" \/>\n<meta name=\"twitter:card\" content=\"summary_large_image\" \/>\n<meta name=\"twitter:label1\" content=\"Dur\u00e9e de lecture estim\u00e9e\" \/>\n\t<meta name=\"twitter:data1\" content=\"1 minute\" \/>\n<script type=\"application\/ld+json\" class=\"yoast-schema-graph\">{\"@context\":\"https:\\\/\\\/schema.org\",\"@graph\":[{\"@type\":\"WebPage\",\"@id\":\"https:\\\/\\\/sumerod.fr\\\/?page_id=26\",\"url\":\"https:\\\/\\\/sumerod.fr\\\/?page_id=26\",\"name\":\"\u00c0 propos - SUMEROD - Alexandre DOREMUS\",\"isPartOf\":{\"@id\":\"https:\\\/\\\/sumerod.fr\\\/#website\"},\"primaryImageOfPage\":{\"@id\":\"https:\\\/\\\/sumerod.fr\\\/?page_id=26#primaryimage\"},\"image\":{\"@id\":\"https:\\\/\\\/sumerod.fr\\\/?page_id=26#primaryimage\"},\"thumbnailUrl\":\"https:\\\/\\\/sumerod.fr\\\/wp-content\\\/uploads\\\/2025\\\/04\\\/Z7T_3281NEW-V2-1024x996.png\",\"datePublished\":\"2025-04-14T16:05:45+00:00\",\"dateModified\":\"2025-05-06T21:46:21+00:00\",\"breadcrumb\":{\"@id\":\"https:\\\/\\\/sumerod.fr\\\/?page_id=26#breadcrumb\"},\"inLanguage\":\"fr-FR\",\"potentialAction\":[{\"@type\":\"ReadAction\",\"target\":[\"https:\\\/\\\/sumerod.fr\\\/?page_id=26\"]}]},{\"@type\":\"ImageObject\",\"inLanguage\":\"fr-FR\",\"@id\":\"https:\\\/\\\/sumerod.fr\\\/?page_id=26#primaryimage\",\"url\":\"https:\\\/\\\/sumerod.fr\\\/wp-content\\\/uploads\\\/2025\\\/04\\\/Z7T_3281NEW-V2.png\",\"contentUrl\":\"https:\\\/\\\/sumerod.fr\\\/wp-content\\\/uploads\\\/2025\\\/04\\\/Z7T_3281NEW-V2.png\",\"width\":3423,\"height\":3329},{\"@type\":\"BreadcrumbList\",\"@id\":\"https:\\\/\\\/sumerod.fr\\\/?page_id=26#breadcrumb\",\"itemListElement\":[{\"@type\":\"ListItem\",\"position\":1,\"name\":\"Accueil\",\"item\":\"https:\\\/\\\/sumerod.fr\\\/\"},{\"@type\":\"ListItem\",\"position\":2,\"name\":\"\u00c0 propos\"}]},{\"@type\":\"WebSite\",\"@id\":\"https:\\\/\\\/sumerod.fr\\\/#website\",\"url\":\"https:\\\/\\\/sumerod.fr\\\/\",\"name\":\"SUMEROD\",\"description\":\"Communication claire, impact durable\",\"publisher\":{\"@id\":\"https:\\\/\\\/sumerod.fr\\\/#organization\"},\"potentialAction\":[{\"@type\":\"SearchAction\",\"target\":{\"@type\":\"EntryPoint\",\"urlTemplate\":\"https:\\\/\\\/sumerod.fr\\\/?s={search_term_string}\"},\"query-input\":{\"@type\":\"PropertyValueSpecification\",\"valueRequired\":true,\"valueName\":\"search_term_string\"}}],\"inLanguage\":\"fr-FR\"},{\"@type\":\"Organization\",\"@id\":\"https:\\\/\\\/sumerod.fr\\\/#organization\",\"name\":\"SUMEROD\",\"url\":\"https:\\\/\\\/sumerod.fr\\\/\",\"logo\":{\"@type\":\"ImageObject\",\"inLanguage\":\"fr-FR\",\"@id\":\"https:\\\/\\\/sumerod.fr\\\/#\\\/schema\\\/logo\\\/image\\\/\",\"url\":\"https:\\\/\\\/sumerod.fr\\\/wp-content\\\/uploads\\\/2025\\\/04\\\/SUMEROD-LOGO-V002-scaled.png\",\"contentUrl\":\"https:\\\/\\\/sumerod.fr\\\/wp-content\\\/uploads\\\/2025\\\/04\\\/SUMEROD-LOGO-V002-scaled.png\",\"width\":2560,\"height\":571,\"caption\":\"SUMEROD\"},\"image\":{\"@id\":\"https:\\\/\\\/sumerod.fr\\\/#\\\/schema\\\/logo\\\/image\\\/\"},\"sameAs\":[\"https:\\\/\\\/www.linkedin.com\\\/in\\\/alexandre-doremus-06b118212\\\/\",\"https:\\\/\\\/www.instagram.com\\\/sumerod_troyes\\\/\",\"https:\\\/\\\/www.youtube.com\\\/@KartelLeGroupe\"]}]}<\/script>\n<!-- \/ Yoast SEO plugin. -->","yoast_head_json":{"title":"\u00c0 propos - SUMEROD - Alexandre DOREMUS","robots":{"index":"index","follow":"follow","max-snippet":"max-snippet:-1","max-image-preview":"max-image-preview:large","max-video-preview":"max-video-preview:-1"},"canonical":"https:\/\/sumerod.fr\/?page_id=26","og_locale":"fr_FR","og_type":"article","og_title":"\u00c0 propos - SUMEROD - Alexandre DOREMUS","og_description":"\u00c0 propos","og_url":"https:\/\/sumerod.fr\/?page_id=26","og_site_name":"SUMEROD - Alexandre DOREMUS","article_modified_time":"2025-05-06T21:46:21+00:00","og_image":[{"width":1024,"height":996,"url":"https:\/\/sumerod.fr\/wp-content\/uploads\/2025\/04\/Z7T_3281NEW-V2-1024x996.png","type":"image\/png"}],"twitter_card":"summary_large_image","twitter_misc":{"Dur\u00e9e de lecture estim\u00e9e":"1 minute"},"schema":{"@context":"https:\/\/schema.org","@graph":[{"@type":"WebPage","@id":"https:\/\/sumerod.fr\/?page_id=26","url":"https:\/\/sumerod.fr\/?page_id=26","name":"\u00c0 propos - SUMEROD - Alexandre DOREMUS","isPartOf":{"@id":"https:\/\/sumerod.fr\/#website"},"primaryImageOfPage":{"@id":"https:\/\/sumerod.fr\/?page_id=26#primaryimage"},"image":{"@id":"https:\/\/sumerod.fr\/?page_id=26#primaryimage"},"thumbnailUrl":"https:\/\/sumerod.fr\/wp-content\/uploads\/2025\/04\/Z7T_3281NEW-V2-1024x996.png","datePublished":"2025-04-14T16:05:45+00:00","dateModified":"2025-05-06T21:46:21+00:00","breadcrumb":{"@id":"https:\/\/sumerod.fr\/?page_id=26#breadcrumb"},"inLanguage":"fr-FR","potentialAction":[{"@type":"ReadAction","target":["https:\/\/sumerod.fr\/?page_id=26"]}]},{"@type":"ImageObject","inLanguage":"fr-FR","@id":"https:\/\/sumerod.fr\/?page_id=26#primaryimage","url":"https:\/\/sumerod.fr\/wp-content\/uploads\/2025\/04\/Z7T_3281NEW-V2.png","contentUrl":"https:\/\/sumerod.fr\/wp-content\/uploads\/2025\/04\/Z7T_3281NEW-V2.png","width":3423,"height":3329},{"@type":"BreadcrumbList","@id":"https:\/\/sumerod.fr\/?page_id=26#breadcrumb","itemListElement":[{"@type":"ListItem","position":1,"name":"Accueil","item":"https:\/\/sumerod.fr\/"},{"@type":"ListItem","position":2,"name":"\u00c0 propos"}]},{"@type":"WebSite","@id":"https:\/\/sumerod.fr\/#website","url":"https:\/\/sumerod.fr\/","name":"SUMEROD","description":"Communication claire, impact durable","publisher":{"@id":"https:\/\/sumerod.fr\/#organization"},"potentialAction":[{"@type":"SearchAction","target":{"@type":"EntryPoint","urlTemplate":"https:\/\/sumerod.fr\/?s={search_term_string}"},"query-input":{"@type":"PropertyValueSpecification","valueRequired":true,"valueName":"search_term_string"}}],"inLanguage":"fr-FR"},{"@type":"Organization","@id":"https:\/\/sumerod.fr\/#organization","name":"SUMEROD","url":"https:\/\/sumerod.fr\/","logo":{"@type":"ImageObject","inLanguage":"fr-FR","@id":"https:\/\/sumerod.fr\/#\/schema\/logo\/image\/","url":"https:\/\/sumerod.fr\/wp-content\/uploads\/2025\/04\/SUMEROD-LOGO-V002-scaled.png","contentUrl":"https:\/\/sumerod.fr\/wp-content\/uploads\/2025\/04\/SUMEROD-LOGO-V002-scaled.png","width":2560,"height":571,"caption":"SUMEROD"},"image":{"@id":"https:\/\/sumerod.fr\/#\/schema\/logo\/image\/"},"sameAs":["https:\/\/www.linkedin.com\/in\/alexandre-doremus-06b118212\/","https:\/\/www.instagram.com\/sumerod_troyes\/","https:\/\/www.youtube.com\/@KartelLeGroupe"]}]}},"_links":{"self":[{"href":"https:\/\/sumerod.fr\/index.php?rest_route=\/wp\/v2\/pages\/26","targetHints":{"allow":["GET"]}}],"collection":[{"href":"https:\/\/sumerod.fr\/index.php?rest_route=\/wp\/v2\/pages"}],"about":[{"href":"https:\/\/sumerod.fr\/index.php?rest_route=\/wp\/v2\/types\/page"}],"author":[{"embeddable":true,"href":"https:\/\/sumerod.fr\/index.php?rest_route=\/wp\/v2\/users\/1"}],"replies":[{"embeddable":true,"href":"https:\/\/sumerod.fr\/index.php?rest_route=%2Fwp%2Fv2%2Fcomments&post=26"}],"version-history":[{"count":3,"href":"https:\/\/sumerod.fr\/index.php?rest_route=\/wp\/v2\/pages\/26\/revisions"}],"predecessor-version":[{"id":453,"href":"https:\/\/sumerod.fr\/index.php?rest_route=\/wp\/v2\/pages\/26\/revisions\/453"}],"wp:attachment":[{"href":"https:\/\/sumerod.fr\/index.php?rest_route=%2Fwp%2Fv2%2Fmedia&parent=26"}],"curies":[{"name":"wp","href":"https:\/\/api.w.org\/{rel}","templated":true}]}}